{"id":16,"date":"2018-05-25T06:21:55","date_gmt":"2018-05-25T04:21:55","guid":{"rendered":"http:\/\/piekarniazaneta.pl\/?page_id=16"},"modified":"2021-10-25T09:41:36","modified_gmt":"2021-10-25T07:41:36","slug":"piekarnia-2","status":"publish","type":"page","link":"https:\/\/piekarniazaneta.pl\/","title":{"rendered":""},"content":{"rendered":"<h1 style=\"text-align: center;\">Piekarnia &#8222;\u017baneta&#8221;<br>\nKrasowski Micha\u0142<\/h1>\n<h2 style=\"text-align: center;\">Bajdy 182,<br>\n38-471 Wojasz\u00f3wka<\/h2>\n<p><a href=\"https:\/\/www.google.pl\/maps\/place\/Piekarnia+%C5%BBaneta+Krasowski+Micha%C5%82\/@49.7652121,21.6759042,14z\/data=!4m5!3m4!1s0x473c4db08ff98dd1:0x9b992e2993d06451!8m2!3d49.7678158!4d21.6802766\"><img loading=\"lazy\" class=\"aligncenter size-full wp-image-74\" src=\"http:\/\/piekarniazaneta.pl\/wp-content\/uploads\/2020\/05\/piekarnia.png\" alt=\"\" width=\"863\" height=\"542\" srcset=\"https:\/\/piekarniazaneta.pl\/wp-content\/uploads\/2020\/05\/piekarnia.png 863w, https:\/\/piekarniazaneta.pl\/wp-content\/uploads\/2020\/05\/piekarnia-300x188.png 300w, https:\/\/piekarniazaneta.pl\/wp-content\/uploads\/2020\/05\/piekarnia-768x482.png 768w, https:\/\/piekarniazaneta.pl\/wp-content\/uploads\/2020\/05\/piekarnia-750x471.png 750w\" sizes=\"(max-width: 863px) 100vw, 863px\" \/><\/a><\/p>\n\n\n<div class=\"wp-block-image\"><figure class=\"aligncenter size-large\"><img loading=\"lazy\" width=\"1024\" height=\"719\" src=\"http:\/\/piekarniazaneta.pl\/wp-content\/uploads\/2021\/10\/PiekarniaLEADER-1024x719.jpg\" alt=\"\" class=\"wp-image-85\" srcset=\"https:\/\/piekarniazaneta.pl\/wp-content\/uploads\/2021\/10\/PiekarniaLEADER-1024x719.jpg 1024w, https:\/\/piekarniazaneta.pl\/wp-content\/uploads\/2021\/10\/PiekarniaLEADER-300x211.jpg 300w, https:\/\/piekarniazaneta.pl\/wp-content\/uploads\/2021\/10\/PiekarniaLEADER-768x539.jpg 768w, https:\/\/piekarniazaneta.pl\/wp-content\/uploads\/2021\/10\/PiekarniaLEADER-750x526.jpg 750w, https:\/\/piekarniazaneta.pl\/wp-content\/uploads\/2021\/10\/PiekarniaLEADER.jpg 1087w\" sizes=\"(max-width: 1024px) 100vw, 1024px\" \/><\/figure><\/div>\n","protected":false},"excerpt":{"rendered":"<p>Piekarnia &#8222;\u017baneta&#8221; Krasowski Micha\u0142 Bajdy 182, 38-471 Wojasz\u00f3wka<\/p>\n","protected":false},"author":1,"featured_media":0,"parent":0,"menu_order":0,"comment_status":"closed","ping_status":"closed","template":"page_fullwidth.php","meta":[],"yoast_head":"<!-- This site is optimized with the Yoast SEO plugin v14.1 - https:\/\/yoast.com\/wordpress\/plugins\/seo\/ -->\n<title>Piekarnia \u017baneta<\/title>\n<meta name=\"description\" content=\"Strona piekarni \u017baneta\" \/>\n<meta name=\"robots\" content=\"index, follow\" \/>\n<meta name=\"googlebot\" content=\"index, follow, max-snippet:-1, max-image-preview:large, max-video-preview:-1\" \/>\n<meta name=\"bingbot\" content=\"index, follow, max-snippet:-1, max-image-preview:large, max-video-preview:-1\" \/>\n<link rel=\"canonical\" href=\"http:\/\/piekarniazaneta.pl\/\" \/>\n<meta property=\"og:locale\" content=\"pl_PL\" \/>\n<meta property=\"og:type\" content=\"article\" \/>\n<meta property=\"og:title\" content=\"Piekarnia \u017baneta\" \/>\n<meta property=\"og:description\" content=\"Strona piekarni \u017baneta\" \/>\n<meta property=\"og:url\" content=\"http:\/\/piekarniazaneta.pl\/\" \/>\n<meta property=\"og:site_name\" content=\"Piekarnia \u017baneta\" \/>\n<meta property=\"article:modified_time\" content=\"2021-10-25T07:41:36+00:00\" \/>\n<meta property=\"og:image\" content=\"http:\/\/piekarniazaneta.pl\/wp-content\/uploads\/2020\/05\/piekarnia.png\" \/>\n<meta name=\"twitter:card\" content=\"summary_large_image\" \/>\n<script type=\"application\/ld+json\" class=\"yoast-schema-graph\">{\"@context\":\"https:\/\/schema.org\",\"@graph\":[{\"@type\":\"WebSite\",\"@id\":\"https:\/\/piekarniazaneta.pl\/#website\",\"url\":\"https:\/\/piekarniazaneta.pl\/\",\"name\":\"Piekarnia \\u017baneta\",\"description\":\"Pieczemy wed\\u0142ug tradycyjnych i sprawdzonych receptur.\",\"potentialAction\":[{\"@type\":\"SearchAction\",\"target\":\"https:\/\/piekarniazaneta.pl\/?s={search_term_string}\",\"query-input\":\"required name=search_term_string\"}],\"inLanguage\":\"pl-PL\"},{\"@type\":\"ImageObject\",\"@id\":\"http:\/\/piekarniazaneta.pl\/#primaryimage\",\"inLanguage\":\"pl-PL\",\"url\":\"http:\/\/piekarniazaneta.pl\/wp-content\/uploads\/2020\/05\/piekarnia.png\"},{\"@type\":\"WebPage\",\"@id\":\"http:\/\/piekarniazaneta.pl\/#webpage\",\"url\":\"http:\/\/piekarniazaneta.pl\/\",\"name\":\"Piekarnia \\u017baneta\",\"isPartOf\":{\"@id\":\"https:\/\/piekarniazaneta.pl\/#website\"},\"primaryImageOfPage\":{\"@id\":\"http:\/\/piekarniazaneta.pl\/#primaryimage\"},\"datePublished\":\"2018-05-25T04:21:55+00:00\",\"dateModified\":\"2021-10-25T07:41:36+00:00\",\"description\":\"Strona piekarni \\u017baneta\",\"inLanguage\":\"pl-PL\",\"potentialAction\":[{\"@type\":\"ReadAction\",\"target\":[\"http:\/\/piekarniazaneta.pl\/\"]}]}]}<\/script>\n<!-- \/ Yoast SEO plugin. -->","_links":{"self":[{"href":"https:\/\/piekarniazaneta.pl\/index.php\/wp-json\/wp\/v2\/pages\/16"}],"collection":[{"href":"https:\/\/piekarniazaneta.pl\/index.php\/wp-json\/wp\/v2\/pages"}],"about":[{"href":"https:\/\/piekarniazaneta.pl\/index.php\/wp-json\/wp\/v2\/types\/page"}],"author":[{"embeddable":true,"href":"https:\/\/piekarniazaneta.pl\/index.php\/wp-json\/wp\/v2\/users\/1"}],"replies":[{"embeddable":true,"href":"https:\/\/piekarniazaneta.pl\/index.php\/wp-json\/wp\/v2\/comments?post=16"}],"version-history":[{"count":13,"href":"https:\/\/piekarniazaneta.pl\/index.php\/wp-json\/wp\/v2\/pages\/16\/revisions"}],"predecessor-version":[{"id":86,"href":"https:\/\/piekarniazaneta.pl\/index.php\/wp-json\/wp\/v2\/pages\/16\/revisions\/86"}],"wp:attachment":[{"href":"https:\/\/piekarniazaneta.pl\/index.php\/wp-json\/wp\/v2\/media?parent=16"}],"curies":[{"name":"wp","href":"https:\/\/api.w.org\/{rel}","templated":true}]}}